{"id":12,"date":"2021-02-12T09:03:22","date_gmt":"2021-02-12T09:03:22","guid":{"rendered":"https:\/\/www.bachhiesl-renovierung.de\/?page_id=12"},"modified":"2024-07-05T13:42:49","modified_gmt":"2024-07-05T13:42:49","slug":"gestalte-deine-website-mit-bloecken","status":"publish","type":"page","link":"https:\/\/www.bachhiesl-renovierung.de\/","title":{"rendered":"\u200dRenovierungen<br>Handwerkerleistungen"},"content":{"rendered":"\n<figure class=\"wp-block-image size-large\"><img decoding=\"async\" loading=\"lazy\" width=\"799\" height=\"1024\" src=\"https:\/\/www.bachhiesl-renovierung.de\/wp-content\/uploads\/2021\/03\/C.B.moertelmischend.2-799x1024.jpg\" alt=\"\" class=\"wp-image-106\" srcset=\"https:\/\/www.bachhiesl-renovierung.de\/wp-content\/uploads\/2021\/03\/C.B.moertelmischend.2-799x1024.jpg 799w, https:\/\/www.bachhiesl-renovierung.de\/wp-content\/uploads\/2021\/03\/C.B.moertelmischend.2-234x300.jpg 234w, https:\/\/www.bachhiesl-renovierung.de\/wp-content\/uploads\/2021\/03\/C.B.moertelmischend.2-768x985.jpg 768w, https:\/\/www.bachhiesl-renovierung.de\/wp-content\/uploads\/2021\/03\/C.B.moertelmischend.2-1198x1536.jpg 1198w, https:\/\/www.bachhiesl-renovierung.de\/wp-content\/uploads\/2021\/03\/C.B.moertelmischend.2-1597x2048.jpg 1597w, https:\/\/www.bachhiesl-renovierung.de\/wp-content\/uploads\/2021\/03\/C.B.moertelmischend.2-788x1010.jpg 788w, https:\/\/www.bachhiesl-renovierung.de\/wp-content\/uploads\/2021\/03\/C.B.moertelmischend.2.jpg 1952w\" sizes=\"(max-width: 799px) 100vw, 799px\" \/><\/figure>\n\n\n\n<div class=\"is-layout-flex wp-container-4 wp-block-columns alignwide are-vertically-aligned-top\">\n<div class=\"is-layout-flow wp-block-column is-vertically-aligned-top\">\n<h5>Denkmalschutz<\/h5>\n\n\n\n<p class=\"block has-small-font-size\">Wir beraten Sie umfassend und geben Ihnen eine Einsch\u00e4tzung \u00fcber die Sanierungsf\u00e4higkeit Ihres Objekts.<br>Ist diese gegeben k\u00fcmmern wir uns um alles von der Bestandsdokumentation \u00fcber eine eventuelle Notsicherung bis zur Renovierung und Restaurierung schutzw\u00fcrdiger Teile.<\/p>\n<\/div>\n\n\n\n<div class=\"is-layout-flow wp-block-column is-vertically-aligned-top\">\n<h5>Renovierung<\/h5>\n\n\n\n<p class=\"has-small-font-size\">Beratung, Planung, Ausf\u00fchrung. <br><\/p>\n<\/div>\n\n\n\n<div class=\"is-layout-flow wp-block-column is-vertically-aligned-top\">\n<h5>Komplettsanierung<\/h5>\n\n\n\n<p class=\"has-small-font-size\">Umfassende Beratung und sorgf\u00e4ltige Planung gehen der Ausf\u00fchrung voraus. Ber\u00e4umung, Entkernung und Teilabbr\u00fcche werden von uns ebenso durchgef\u00fchrt wie das anschlie\u00dfende Stellen von Trockenbauw\u00e4nden und Verlegen von B\u00f6den ( kein Parkett).<\/p>\n<\/div>\n<\/div>\n\n\n\n<div style=\"height:100px\" aria-hidden=\"true\" class=\"wp-block-spacer\"><\/div>\n","protected":false},"excerpt":{"rendered":"<p>Denkmalschutz Wir beraten Sie umfassend und geben Ihnen eine Einsch\u00e4tzung \u00fcber die Sanierungsf\u00e4higkeit Ihres Objekts.Ist diese gegeben k\u00fcmmern wir uns um alles von der Bestandsdokumentation \u00fcber eine eventuelle Notsicherung bis zur Renovierung und Restaurierung schutzw\u00fcrdiger Teile. Renovierung Beratung, Planung, Ausf\u00fchrung. Komplettsanierung Umfassende Beratung und sorgf\u00e4ltige Planung gehen der Ausf\u00fchrung voraus. Ber\u00e4umung, Entkernung und Teilabbr\u00fcche werden [&hellip;]<\/p>\n","protected":false},"author":1,"featured_media":0,"parent":0,"menu_order":0,"comment_status":"closed","ping_status":"closed","template":"","meta":[],"_links":{"self":[{"href":"https:\/\/www.bachhiesl-renovierung.de\/index.php\/wp-json\/wp\/v2\/pages\/12"}],"collection":[{"href":"https:\/\/www.bachhiesl-renovierung.de\/index.php\/wp-json\/wp\/v2\/pages"}],"about":[{"href":"https:\/\/www.bachhiesl-renovierung.de\/index.php\/wp-json\/wp\/v2\/types\/page"}],"author":[{"embeddable":true,"href":"https:\/\/www.bachhiesl-renovierung.de\/index.php\/wp-json\/wp\/v2\/users\/1"}],"replies":[{"embeddable":true,"href":"https:\/\/www.bachhiesl-renovierung.de\/index.php\/wp-json\/wp\/v2\/comments?post=12"}],"version-history":[{"count":30,"href":"https:\/\/www.bachhiesl-renovierung.de\/index.php\/wp-json\/wp\/v2\/pages\/12\/revisions"}],"predecessor-version":[{"id":269,"href":"https:\/\/www.bachhiesl-renovierung.de\/index.php\/wp-json\/wp\/v2\/pages\/12\/revisions\/269"}],"wp:attachment":[{"href":"https:\/\/www.bachhiesl-renovierung.de\/index.php\/wp-json\/wp\/v2\/media?parent=12"}],"curies":[{"name":"wp","href":"https:\/\/api.w.org\/{rel}","templated":true}]}}