{"id":100,"date":"2021-02-23T08:20:25","date_gmt":"2021-02-23T08:20:25","guid":{"rendered":"https:\/\/www.bachhiesl-renovierung.de\/?page_id=100"},"modified":"2021-02-23T08:21:50","modified_gmt":"2021-02-23T08:21:50","slug":"abg","status":"publish","type":"page","link":"https:\/\/www.bachhiesl-renovierung.de\/index.php\/abg\/","title":{"rendered":"ABG"},"content":{"rendered":"\n<p><strong>AGB (Allgemeine Gesch\u00e4ftsbedingungen)<\/strong><\/p>\n\n\n\n<ol type=\"1\"><li><span class=\"has-inline-color has-black-color\">\u00a0<strong>T\u00e4tigkeitsbereich<\/strong><br>Sanierung \/ Instandsetzung von bestehender Bausubstanz, mit Schwerpunkt auf Denkmalschutz.<br><\/span><\/li><li><span class=\"has-inline-color has-black-color\"><strong>Angebot und Vertragsabschluss<\/strong><br>Angebote \u00fcber den Leistungsumfang werden in der Regel schriftlich mit Unterschrift der verantwortlichen Person in der Gesch\u00e4ftsleitung mit Angabe der zeitlichen G\u00fcltigkeit ausgefertigt und sind rechtsverbindlich.<br>Ebenso rechtsverbindlich sind aber auch m\u00fcndlich getroffene Absprachen und Vereinbarungen, sobald sie dem Vertragspartner nach dem Tag der Vereinbarung schriftlich durch E- Mail oder Fax-Nachricht best\u00e4tigt werden.<br><\/span><\/li><li><span class=\"has-inline-color has-black-color\"><strong>Kostengestaltung<\/strong><br>F\u00fcr die Verg\u00fctung der vertraglich \u00fcbernommenen Leistungen werden vorzugsweise pauschale Festpreise mit oder ohne Nachtragausschluss vereinbart. Ebenso k\u00f6nnen Leistungen auf Regiebasis vereinbart und ausgef\u00fchrt werden.<br>Grundlage der Kalkulation sind die zur Erledigung des \u00fcbernommenen Auftragsumfanges nach Erfahrungswerten gesch\u00e4tzten Arbeitsstunden und die Kosten der zur Leistungserbringung eingesetzten Materialien.<br>Regiearbeiten sollen t\u00e4glich nach Art und Umfang erfasst und vom Auftraggeber oder dessen Beauftragten abgezeichnet werden.<br>Stundenl\u00f6hne der Arbeitskr\u00e4fte entsprechen dem zum Zeitpunkt der Angebotsabgabe regional \u00fcblichen Standard.\u00a0<br><\/span><\/li><li><span class=\"has-inline-color has-black-color\"><strong>Abnahme \/ Teilabnahme<\/strong><br>Die Firma Bachhiesl kann als Leistungsnehmer innerhalb der Leistungsphase vom Auftraggeber unabh\u00e4ngig von der Endabnahme des Werkes zu jeder Zeit eine Zwischenabnahme innerhalb von 6 Arbeitstagen verlangen. Unabh\u00e4ngig von der f\u00f6rmlichen Abnahme gilt zwischen den Vertragspartnern unbedingt der Begriff \u201eAbnahme durch Benutzung\u201c.<br><\/span><\/li><li><span class=\"has-inline-color has-black-color\"><strong>Gew\u00e4hrleistung<\/strong><br>Die Gew\u00e4hrleistung f\u00fcr Handwerksleistungen betr\u00e4gt 2 Jahre. Gew\u00e4hrleistung auf bestehende von der Firma Bachhiesl bearbeitete Bausubstanz, besonders im Denkmalbereich kann nicht gew\u00e4hrt werden.\u00a0<br><\/span><\/li><li><span class=\"has-inline-color has-black-color\"><strong>Zahlungsbedingungen<\/strong><br>Die Zahlungsbedingungen unterliegen keiner starren Regel, sie werden flexibel gehandhabt und je nach Vereinbarungsergebnis entweder bereits im Angebot genannt oder im Leistungs\u00fcbernahmevertrag festgelegt.<br><\/span><\/li><li><span class=\"has-inline-color has-black-color\"><strong>Gerichtstand und Erf\u00fcllungsort<\/strong><br>Der Gerichtsstand ist Forchheim, bzw. Bamberg<br><\/span><\/li><li><span class=\"has-inline-color has-black-color\"><strong>Salvatorische Klausel<\/strong><br>Grunds\u00e4tzlich gilt f\u00fcr alle schriftlichen Vereinbarungen die salvatorische Klausel, die besagt, dass f\u00fcr den Fall, dass einzelne Vertragspunkte aus rechtlichen Gr\u00fcnden obsolet werden, unbeschadet dessen alle anderen Vertragspunkte rechtsg\u00fcltig bleiben.<\/span><\/li><\/ol>\n","protected":false},"excerpt":{"rendered":"<p>AGB (Allgemeine Gesch\u00e4ftsbedingungen) \u00a0T\u00e4tigkeitsbereichSanierung \/ Instandsetzung von bestehender Bausubstanz, mit Schwerpunkt auf Denkmalschutz. Angebot und VertragsabschlussAngebote \u00fcber den Leistungsumfang werden in der Regel schriftlich mit Unterschrift der verantwortlichen Person in der Gesch\u00e4ftsleitung mit Angabe der zeitlichen G\u00fcltigkeit ausgefertigt und sind rechtsverbindlich.Ebenso rechtsverbindlich sind aber auch m\u00fcndlich getroffene Absprachen und Vereinbarungen, sobald sie dem Vertragspartner nach [&hellip;]<\/p>\n","protected":false},"author":1,"featured_media":0,"parent":0,"menu_order":0,"comment_status":"closed","ping_status":"closed","template":"","meta":[],"_links":{"self":[{"href":"https:\/\/www.bachhiesl-renovierung.de\/index.php\/wp-json\/wp\/v2\/pages\/100"}],"collection":[{"href":"https:\/\/www.bachhiesl-renovierung.de\/index.php\/wp-json\/wp\/v2\/pages"}],"about":[{"href":"https:\/\/www.bachhiesl-renovierung.de\/index.php\/wp-json\/wp\/v2\/types\/page"}],"author":[{"embeddable":true,"href":"https:\/\/www.bachhiesl-renovierung.de\/index.php\/wp-json\/wp\/v2\/users\/1"}],"replies":[{"embeddable":true,"href":"https:\/\/www.bachhiesl-renovierung.de\/index.php\/wp-json\/wp\/v2\/comments?post=100"}],"version-history":[{"count":3,"href":"https:\/\/www.bachhiesl-renovierung.de\/index.php\/wp-json\/wp\/v2\/pages\/100\/revisions"}],"predecessor-version":[{"id":104,"href":"https:\/\/www.bachhiesl-renovierung.de\/index.php\/wp-json\/wp\/v2\/pages\/100\/revisions\/104"}],"wp:attachment":[{"href":"https:\/\/www.bachhiesl-renovierung.de\/index.php\/wp-json\/wp\/v2\/media?parent=100"}],"curies":[{"name":"wp","href":"https:\/\/api.w.org\/{rel}","templated":true}]}}